{"id":573,"date":"2025-08-06T06:30:04","date_gmt":"2025-08-06T06:30:04","guid":{"rendered":"https:\/\/evivamed.ch\/ueber-uns\/"},"modified":"2026-03-16T13:06:19","modified_gmt":"2026-03-16T13:06:19","slug":"chi-siamo","status":"publish","type":"page","link":"https:\/\/evivamed.ch\/it\/chi-siamo\/","title":{"rendered":"Chi siamo"},"content":{"rendered":"\t\t<div data-elementor-type=\"wp-page\" data-elementor-id=\"573\" class=\"elementor elementor-573 elementor-44\" data-elementor-post-type=\"page\">\n\t\t\t\t<div class=\"elementor-element elementor-element-01695b8 e-con-full e-flex e-con e-parent\" data-id=\"01695b8\" data-element_type=\"container\" data-e-type=\"container\" data-settings=\"{&quot;background_background&quot;:&quot;classic&quot;}\">\n\t\t\t\t<div class=\"elementor-element elementor-element-2926cfd elementor-widget elementor-widget-heading\" data-id=\"2926cfd\" data-element_type=\"widget\" data-e-type=\"widget\" data-widget_type=\"heading.default\">\n\t\t\t\t\t<h1 class=\"elementor-heading-title elementor-size-default\">Il tuo partner die fiducia per <\/br>\n<b>prodotti per il diab\u00e8te di alta qualit\u00e0<\/b><\/h1>\t\t\t\t<\/div>\n\t\t\t\t<\/div>\n\t\t<div class=\"elementor-element elementor-element-098eb6c e-flex e-con-boxed e-con e-parent\" data-id=\"098eb6c\" data-element_type=\"container\" data-e-type=\"container\">\n\t\t\t\t\t<div class=\"e-con-inner\">\n\t\t\t\t<div class=\"elementor-element elementor-element-3e9d654 elementor-widget__width-inherit elementor-widget elementor-widget-heading\" data-id=\"3e9d654\" data-element_type=\"widget\" data-e-type=\"widget\" data-widget_type=\"heading.default\">\n\t\t\t\t\t<h2 class=\"elementor-heading-title elementor-size-default\">Piccolo, <span class=\"gr\">impegnato, <\/span> personale<\/h2>\t\t\t\t<\/div>\n\t\t\t\t<div class=\"elementor-element elementor-element-8347a69 elementor-widget__width-inherit elementor-widget elementor-widget-text-editor\" data-id=\"8347a69\" data-element_type=\"widget\" data-e-type=\"widget\" data-widget_type=\"text-editor.default\">\n\t\t\t\t\t\t\t\t\t<p>Siamo un piccolo team con un grande impatto. La nostra motivazione \u00e0 offrire prodotti di alta qualit\u00e0 a condizioni vantaggiose, contribuendo al contempo al sociale.<\/p><p>Per questo collaboriamo strettamente con il nostro partner logistico, la fondazione TRANSfair (trans-fair.ch) a Gwatt, vicino a Thun. Con ogni ordine, sostieni persone che affrontano difficolt\u00e0 psicologiche nel loro percorso di reinserimento professionale.<\/p><p>Una scelta responsabile \u2013 per una qualit\u00e0 responsabile<\/p>\t\t\t\t\t\t\t\t<\/div>\n\t\t\t\t<div class=\"elementor-element elementor-element-cb159f2 elementor-widget__width-inherit elementor-widget elementor-widget-heading\" data-id=\"cb159f2\" data-element_type=\"widget\" data-e-type=\"widget\" data-widget_type=\"heading.default\">\n\t\t\t\t\t<h2 class=\"elementor-heading-title elementor-size-default\">Il nostro team<\/h2>\t\t\t\t<\/div>\n\t\t<div class=\"elementor-element elementor-element-af5aef2 e-con-full e-flex e-con e-child\" data-id=\"af5aef2\" data-element_type=\"container\" data-e-type=\"container\">\n\t\t\t\t<div class=\"elementor-element elementor-element-519f411 elementor-widget elementor-widget-image\" data-id=\"519f411\" data-element_type=\"widget\" data-e-type=\"widget\" data-widget_type=\"image.default\">\n\t\t\t\t\t\t\t\t\t\t\t\t\t\t\t<img fetchpriority=\"high\" decoding=\"async\" width=\"500\" height=\"474\" src=\"https:\/\/evivamed.ch\/wp-content\/uploads\/2025\/08\/evivamed-team-chrigel.webp\" class=\"attachment-large size-large wp-image-723\" alt=\"\" srcset=\"https:\/\/evivamed.ch\/wp-content\/uploads\/2025\/08\/evivamed-team-chrigel.webp 500w, https:\/\/evivamed.ch\/wp-content\/uploads\/2025\/08\/evivamed-team-chrigel-300x284.webp 300w\" sizes=\"(max-width: 500px) 100vw, 500px\" \/>\t\t\t\t\t\t\t\t\t\t\t\t\t\t\t<\/div>\n\t\t\t\t<div class=\"elementor-element elementor-element-2546122 elementor-widget elementor-widget-text-editor\" data-id=\"2546122\" data-element_type=\"widget\" data-e-type=\"widget\" data-widget_type=\"text-editor.default\">\n\t\t\t\t\t\t\t\t\t<p><b>Christian Trachsel<br \/><\/b>Sales Manager<\/p><p><a href=\"mailto:christian.trachsel@evivamed.ch\">christian.trachsel@evivamed.ch<\/a><br \/><a href=\"tel:075 402 35 35\">075 402 35 35<\/a><\/p>\t\t\t\t\t\t\t\t<\/div>\n\t\t\t\t<\/div>\n\t\t<div class=\"elementor-element elementor-element-f5ba054 e-con-full e-flex e-con e-child\" data-id=\"f5ba054\" data-element_type=\"container\" data-e-type=\"container\">\n\t\t\t\t<div class=\"elementor-element elementor-element-33e2996 elementor-widget elementor-widget-image\" data-id=\"33e2996\" data-element_type=\"widget\" data-e-type=\"widget\" data-widget_type=\"image.default\">\n\t\t\t\t\t\t\t\t\t\t\t\t\t\t\t<img decoding=\"async\" width=\"500\" height=\"474\" src=\"https:\/\/evivamed.ch\/wp-content\/uploads\/2025\/08\/evivamed-team-silvia-gut-Kopie.webp\" class=\"attachment-large size-large wp-image-722\" alt=\"\" srcset=\"https:\/\/evivamed.ch\/wp-content\/uploads\/2025\/08\/evivamed-team-silvia-gut-Kopie.webp 500w, https:\/\/evivamed.ch\/wp-content\/uploads\/2025\/08\/evivamed-team-silvia-gut-Kopie-300x284.webp 300w\" sizes=\"(max-width: 500px) 100vw, 500px\" \/>\t\t\t\t\t\t\t\t\t\t\t\t\t\t\t<\/div>\n\t\t\t\t<div class=\"elementor-element elementor-element-e7210c4 elementor-widget elementor-widget-text-editor\" data-id=\"e7210c4\" data-element_type=\"widget\" data-e-type=\"widget\" data-widget_type=\"text-editor.default\">\n\t\t\t\t\t\t\t\t\t<p><b>Silvia Gut<br \/><\/b>Direttrice<\/p><p><a href=\"mailto:silvia.gut@evivamed.ch\">silvia.gut@evivamed.ch<\/a><br \/><a href=\"tel:078 843 43 93\">078 843 43 93<\/a><\/p>\t\t\t\t\t\t\t\t<\/div>\n\t\t\t\t<\/div>\n\t\t\t\t\t<\/div>\n\t\t\t\t<\/div>\n\t\t\t\t<\/div>\n\t\t","protected":false},"excerpt":{"rendered":"<p>Il tuo partner die fiducia per prodotti per il diab\u00e8te di alta qualit\u00e0 Piccolo, impegnato, personale Siamo un piccolo team con un grande impatto. La nostra motivazione \u00e0 offrire prodotti di alta qualit\u00e0 a condizioni vantaggiose, contribuendo al contempo al sociale. Per questo collaboriamo strettamente con il nostro partner logistico, la fondazione TRANSfair (trans-fair.ch) a [&hellip;]<\/p>\n","protected":false},"author":1,"featured_media":0,"parent":0,"menu_order":0,"comment_status":"closed","ping_status":"closed","template":"","meta":{"footnotes":""},"class_list":["post-573","page","type-page","status-publish","hentry"],"yoast_head":"<!-- This site is optimized with the Yoast SEO plugin v27.2 - https:\/\/yoast.com\/product\/yoast-seo-wordpress\/ -->\n<title>Chi siamo - evivamed Schweiz GmbH<\/title>\n<meta name=\"robots\" content=\"index, follow, max-snippet:-1, max-image-preview:large, max-video-preview:-1\" \/>\n<link rel=\"canonical\" href=\"https:\/\/evivamed.ch\/ueber-uns\/\" \/>\n<meta property=\"og:locale\" content=\"it_IT\" \/>\n<meta property=\"og:type\" content=\"article\" \/>\n<meta property=\"og:title\" content=\"Chi siamo - evivamed Schweiz GmbH\" \/>\n<meta property=\"og:description\" content=\"Il tuo partner die fiducia per prodotti per il diab\u00e8te di alta qualit\u00e0 Piccolo, impegnato, personale Siamo un piccolo team con un grande impatto. La nostra motivazione \u00e0 offrire prodotti di alta qualit\u00e0 a condizioni vantaggiose, contribuendo al contempo al sociale. Per questo collaboriamo strettamente con il nostro partner logistico, la fondazione TRANSfair (trans-fair.ch) a [&hellip;]\" \/>\n<meta property=\"og:url\" content=\"https:\/\/evivamed.ch\/ueber-uns\/\" \/>\n<meta property=\"og:site_name\" content=\"evivamed Schweiz GmbH\" \/>\n<meta property=\"article:modified_time\" content=\"2026-03-16T13:06:19+00:00\" \/>\n<meta property=\"og:image\" content=\"https:\/\/evivamed.ch\/wp-content\/uploads\/2025\/08\/evivamed-team-chrigel.webp\" \/>\n\t<meta property=\"og:image:width\" content=\"500\" \/>\n\t<meta property=\"og:image:height\" content=\"474\" \/>\n\t<meta property=\"og:image:type\" content=\"image\/webp\" \/>\n<meta name=\"twitter:card\" content=\"summary_large_image\" \/>\n<meta name=\"twitter:label1\" content=\"Tempo di lettura stimato\" \/>\n\t<meta name=\"twitter:data1\" content=\"1 minuto\" \/>\n<script type=\"application\/ld+json\" class=\"yoast-schema-graph\">{\"@context\":\"https:\/\/schema.org\",\"@graph\":[{\"@type\":\"WebPage\",\"@id\":\"https:\/\/evivamed.ch\/ueber-uns\/\",\"url\":\"https:\/\/evivamed.ch\/ueber-uns\/\",\"name\":\"Chi siamo - evivamed Schweiz GmbH\",\"isPartOf\":{\"@id\":\"https:\/\/evivamed.ch\/#website\"},\"primaryImageOfPage\":{\"@id\":\"https:\/\/evivamed.ch\/ueber-uns\/#primaryimage\"},\"image\":{\"@id\":\"https:\/\/evivamed.ch\/ueber-uns\/#primaryimage\"},\"thumbnailUrl\":\"https:\/\/evivamed.ch\/wp-content\/uploads\/2025\/08\/evivamed-team-chrigel.webp\",\"datePublished\":\"2025-08-06T06:30:04+00:00\",\"dateModified\":\"2026-03-16T13:06:19+00:00\",\"breadcrumb\":{\"@id\":\"https:\/\/evivamed.ch\/ueber-uns\/#breadcrumb\"},\"inLanguage\":\"it-IT\",\"potentialAction\":[{\"@type\":\"ReadAction\",\"target\":[\"https:\/\/evivamed.ch\/ueber-uns\/\"]}]},{\"@type\":\"ImageObject\",\"inLanguage\":\"it-IT\",\"@id\":\"https:\/\/evivamed.ch\/ueber-uns\/#primaryimage\",\"url\":\"https:\/\/evivamed.ch\/wp-content\/uploads\/2025\/08\/evivamed-team-chrigel.webp\",\"contentUrl\":\"https:\/\/evivamed.ch\/wp-content\/uploads\/2025\/08\/evivamed-team-chrigel.webp\"},{\"@type\":\"BreadcrumbList\",\"@id\":\"https:\/\/evivamed.ch\/ueber-uns\/#breadcrumb\",\"itemListElement\":[{\"@type\":\"ListItem\",\"position\":1,\"name\":\"Startseite\",\"item\":\"https:\/\/evivamed.ch\/\"},{\"@type\":\"ListItem\",\"position\":2,\"name\":\"Chi siamo\"}]},{\"@type\":\"WebSite\",\"@id\":\"https:\/\/evivamed.ch\/#website\",\"url\":\"https:\/\/evivamed.ch\/\",\"name\":\"evivamed Schweiz GmbH\",\"description\":\"Dedicated ti selfcare\",\"publisher\":{\"@id\":\"https:\/\/evivamed.ch\/#organization\"},\"potentialAction\":[{\"@type\":\"SearchAction\",\"target\":{\"@type\":\"EntryPoint\",\"urlTemplate\":\"https:\/\/evivamed.ch\/?s={search_term_string}\"},\"query-input\":{\"@type\":\"PropertyValueSpecification\",\"valueRequired\":true,\"valueName\":\"search_term_string\"}}],\"inLanguage\":\"it-IT\"},{\"@type\":\"Organization\",\"@id\":\"https:\/\/evivamed.ch\/#organization\",\"name\":\"evivamed Schweiz GmbH\",\"url\":\"https:\/\/evivamed.ch\/\",\"logo\":{\"@type\":\"ImageObject\",\"inLanguage\":\"it-IT\",\"@id\":\"https:\/\/evivamed.ch\/#\/schema\/logo\/image\/\",\"url\":\"https:\/\/evivamed.ch\/wp-content\/uploads\/2025\/07\/evivamed-logo.webp\",\"contentUrl\":\"https:\/\/evivamed.ch\/wp-content\/uploads\/2025\/07\/evivamed-logo.webp\",\"width\":800,\"height\":250,\"caption\":\"evivamed Schweiz GmbH\"},\"image\":{\"@id\":\"https:\/\/evivamed.ch\/#\/schema\/logo\/image\/\"}}]}<\/script>\n<!-- \/ Yoast SEO plugin. -->","yoast_head_json":{"title":"Chi siamo - evivamed Schweiz GmbH","robots":{"index":"index","follow":"follow","max-snippet":"max-snippet:-1","max-image-preview":"max-image-preview:large","max-video-preview":"max-video-preview:-1"},"canonical":"https:\/\/evivamed.ch\/ueber-uns\/","og_locale":"it_IT","og_type":"article","og_title":"Chi siamo - evivamed Schweiz GmbH","og_description":"Il tuo partner die fiducia per prodotti per il diab\u00e8te di alta qualit\u00e0 Piccolo, impegnato, personale Siamo un piccolo team con un grande impatto. La nostra motivazione \u00e0 offrire prodotti di alta qualit\u00e0 a condizioni vantaggiose, contribuendo al contempo al sociale. Per questo collaboriamo strettamente con il nostro partner logistico, la fondazione TRANSfair (trans-fair.ch) a [&hellip;]","og_url":"https:\/\/evivamed.ch\/ueber-uns\/","og_site_name":"evivamed Schweiz GmbH","article_modified_time":"2026-03-16T13:06:19+00:00","og_image":[{"width":500,"height":474,"url":"https:\/\/evivamed.ch\/wp-content\/uploads\/2025\/08\/evivamed-team-chrigel.webp","type":"image\/webp"}],"twitter_card":"summary_large_image","twitter_misc":{"Tempo di lettura stimato":"1 minuto"},"schema":{"@context":"https:\/\/schema.org","@graph":[{"@type":"WebPage","@id":"https:\/\/evivamed.ch\/ueber-uns\/","url":"https:\/\/evivamed.ch\/ueber-uns\/","name":"Chi siamo - evivamed Schweiz GmbH","isPartOf":{"@id":"https:\/\/evivamed.ch\/#website"},"primaryImageOfPage":{"@id":"https:\/\/evivamed.ch\/ueber-uns\/#primaryimage"},"image":{"@id":"https:\/\/evivamed.ch\/ueber-uns\/#primaryimage"},"thumbnailUrl":"https:\/\/evivamed.ch\/wp-content\/uploads\/2025\/08\/evivamed-team-chrigel.webp","datePublished":"2025-08-06T06:30:04+00:00","dateModified":"2026-03-16T13:06:19+00:00","breadcrumb":{"@id":"https:\/\/evivamed.ch\/ueber-uns\/#breadcrumb"},"inLanguage":"it-IT","potentialAction":[{"@type":"ReadAction","target":["https:\/\/evivamed.ch\/ueber-uns\/"]}]},{"@type":"ImageObject","inLanguage":"it-IT","@id":"https:\/\/evivamed.ch\/ueber-uns\/#primaryimage","url":"https:\/\/evivamed.ch\/wp-content\/uploads\/2025\/08\/evivamed-team-chrigel.webp","contentUrl":"https:\/\/evivamed.ch\/wp-content\/uploads\/2025\/08\/evivamed-team-chrigel.webp"},{"@type":"BreadcrumbList","@id":"https:\/\/evivamed.ch\/ueber-uns\/#breadcrumb","itemListElement":[{"@type":"ListItem","position":1,"name":"Startseite","item":"https:\/\/evivamed.ch\/"},{"@type":"ListItem","position":2,"name":"Chi siamo"}]},{"@type":"WebSite","@id":"https:\/\/evivamed.ch\/#website","url":"https:\/\/evivamed.ch\/","name":"evivamed Schweiz GmbH","description":"Dedicated ti selfcare","publisher":{"@id":"https:\/\/evivamed.ch\/#organization"},"potentialAction":[{"@type":"SearchAction","target":{"@type":"EntryPoint","urlTemplate":"https:\/\/evivamed.ch\/?s={search_term_string}"},"query-input":{"@type":"PropertyValueSpecification","valueRequired":true,"valueName":"search_term_string"}}],"inLanguage":"it-IT"},{"@type":"Organization","@id":"https:\/\/evivamed.ch\/#organization","name":"evivamed Schweiz GmbH","url":"https:\/\/evivamed.ch\/","logo":{"@type":"ImageObject","inLanguage":"it-IT","@id":"https:\/\/evivamed.ch\/#\/schema\/logo\/image\/","url":"https:\/\/evivamed.ch\/wp-content\/uploads\/2025\/07\/evivamed-logo.webp","contentUrl":"https:\/\/evivamed.ch\/wp-content\/uploads\/2025\/07\/evivamed-logo.webp","width":800,"height":250,"caption":"evivamed Schweiz GmbH"},"image":{"@id":"https:\/\/evivamed.ch\/#\/schema\/logo\/image\/"}}]}},"_links":{"self":[{"href":"https:\/\/evivamed.ch\/it\/wp-json\/wp\/v2\/pages\/573","targetHints":{"allow":["GET"]}}],"collection":[{"href":"https:\/\/evivamed.ch\/it\/wp-json\/wp\/v2\/pages"}],"about":[{"href":"https:\/\/evivamed.ch\/it\/wp-json\/wp\/v2\/types\/page"}],"author":[{"embeddable":true,"href":"https:\/\/evivamed.ch\/it\/wp-json\/wp\/v2\/users\/1"}],"replies":[{"embeddable":true,"href":"https:\/\/evivamed.ch\/it\/wp-json\/wp\/v2\/comments?post=573"}],"version-history":[{"count":22,"href":"https:\/\/evivamed.ch\/it\/wp-json\/wp\/v2\/pages\/573\/revisions"}],"predecessor-version":[{"id":1406,"href":"https:\/\/evivamed.ch\/it\/wp-json\/wp\/v2\/pages\/573\/revisions\/1406"}],"wp:attachment":[{"href":"https:\/\/evivamed.ch\/it\/wp-json\/wp\/v2\/media?parent=573"}],"curies":[{"name":"wp","href":"https:\/\/api.w.org\/{rel}","templated":true}]}}