{"id":568,"date":"2025-08-06T06:30:14","date_gmt":"2025-08-06T06:30:14","guid":{"rendered":"https:\/\/evivamed.ch\/impressum\/"},"modified":"2025-09-08T09:50:38","modified_gmt":"2025-09-08T09:50:38","slug":"note-legali","status":"publish","type":"page","link":"https:\/\/evivamed.ch\/it\/note-legali\/","title":{"rendered":"Note legali"},"content":{"rendered":"\t\t<div data-elementor-type=\"wp-page\" data-elementor-id=\"568\" class=\"elementor elementor-568 elementor-46\" data-elementor-post-type=\"page\">\n\t\t\t\t<div class=\"elementor-element elementor-element-21dea3a e-con-full e-flex e-con e-parent\" data-id=\"21dea3a\" data-element_type=\"container\" data-e-type=\"container\" data-settings=\"{&quot;background_background&quot;:&quot;classic&quot;}\">\n\t\t\t\t<div class=\"elementor-element elementor-element-270a04d elementor-widget elementor-widget-heading\" data-id=\"270a04d\" data-element_type=\"widget\" data-e-type=\"widget\" data-widget_type=\"heading.default\">\n\t\t\t\t\t<h1 class=\"elementor-heading-title elementor-size-default\">Note Legali<\/h1>\t\t\t\t<\/div>\n\t\t\t\t<\/div>\n\t\t<div class=\"elementor-element elementor-element-ffb3eaa e-flex e-con-boxed e-con e-parent\" data-id=\"ffb3eaa\" data-element_type=\"container\" data-e-type=\"container\">\n\t\t\t\t\t<div class=\"e-con-inner\">\n\t\t\t\t<div class=\"elementor-element elementor-element-c11844b elementor-widget__width-inherit elementor-widget elementor-widget-text-editor\" data-id=\"c11844b\" data-element_type=\"widget\" data-e-type=\"widget\" data-widget_type=\"text-editor.default\">\n\t\t\t\t\t\t\t\t\t<div class=\"content-generator-output\"><p><b>Autorit\u00e0 responsabile:<\/b><br \/>EvivaMed Svizzera Sagl<br \/>Silvia Gut<br \/>Suurstoffi 29<br \/>6343 Rotkreuz<\/p><p><b>Persone autorizzate a rappresentare l\u2019azienda:<\/b><br \/>Silvia Gut<br \/>Detlef Jantos<\/p><p><b>Nome dell\u2019azienda:<\/b> EvivaMed Svizzera Sagl<br \/><b>Numero di partita IVA:<\/b> CHE-434.205.789<\/p><p><b>Esclusione di responsabilit\u00e0<\/b><br \/>L\u2019autore non garantisce la correttezza, precisione, aggiornamento, affidabilit\u00e0 e completezza delle informazioni fornite.<br \/>Sono escluse richieste di responsabilit\u00e0 nei confronti dell\u2019autore per danni materiali o immateriali derivanti dall\u2019accesso o dall\u2019utilizzo, o dalla mancata utilizzazione, delle informazioni pubblicate, dall\u2019uso improprio della connessione o da malfunzionamenti tecnici.<\/p><p>Tutte le offerte sono senza impegno. L\u2019autore si riserva espressamente il diritto di modificare, integrare, cancellare parti del sito o l\u2019intera offerta senza preavviso, o di sospendere temporaneamente o definitivamente la pubblicazione.<\/p><p><b>Esclusione di responsabilit\u00e0 per contenuti e link<\/b><br \/>I riferimenti e i collegamenti a siti web di terzi sono al di fuori della nostra responsabilit\u00e0. Qualsiasi responsabilit\u00e0 per tali siti web \u00e8 esclusa. L\u2019accesso e l\u2019utilizzo di tali siti web avvengono a rischio dell\u2019utente.<\/p><p><b>Dichiarazione sul diritto d\u2019autore<\/b><br \/>I diritti d\u2019autore e tutti gli altri diritti sui contenuti, immagini, foto o altri file presenti su questo sito appartengono esclusivamente a EvivaMed Suisse GmbH o ai titolari di diritti espressamente indicati. Per la riproduzione di qualsiasi elemento \u00e8 necessario ottenere preventivamente il consenso scritto del titolare dei diritti.<\/p><p>\u00a0<\/p><\/div>\t\t\t\t\t\t\t\t<\/div>\n\t\t\t\t\t<\/div>\n\t\t\t\t<\/div>\n\t\t\t\t<\/div>\n\t\t","protected":false},"excerpt":{"rendered":"<p>Note Legali Autorit\u00e0 responsabile:EvivaMed Svizzera SaglSilvia GutSuurstoffi 296343 Rotkreuz Persone autorizzate a rappresentare l\u2019azienda:Silvia GutDetlef Jantos Nome dell\u2019azienda: EvivaMed Svizzera SaglNumero di partita IVA: CHE-434.205.789 Esclusione di responsabilit\u00e0L\u2019autore non garantisce la correttezza, precisione, aggiornamento, affidabilit\u00e0 e completezza delle informazioni fornite.Sono escluse richieste di responsabilit\u00e0 nei confronti dell\u2019autore per danni materiali o immateriali derivanti dall\u2019accesso o [&hellip;]<\/p>\n","protected":false},"author":1,"featured_media":0,"parent":0,"menu_order":0,"comment_status":"closed","ping_status":"closed","template":"","meta":{"footnotes":""},"class_list":["post-568","page","type-page","status-publish","hentry"],"yoast_head":"<!-- This site is optimized with the Yoast SEO plugin v27.2 - https:\/\/yoast.com\/product\/yoast-seo-wordpress\/ -->\n<title>Note legali - evivamed Schweiz GmbH<\/title>\n<meta name=\"robots\" content=\"index, follow, max-snippet:-1, max-image-preview:large, max-video-preview:-1\" \/>\n<link rel=\"canonical\" href=\"https:\/\/evivamed.ch\/impressum\/\" \/>\n<meta property=\"og:locale\" content=\"it_IT\" \/>\n<meta property=\"og:type\" content=\"article\" \/>\n<meta property=\"og:title\" content=\"Note legali - evivamed Schweiz GmbH\" \/>\n<meta property=\"og:description\" content=\"Note Legali Autorit\u00e0 responsabile:EvivaMed Svizzera SaglSilvia GutSuurstoffi 296343 Rotkreuz Persone autorizzate a rappresentare l\u2019azienda:Silvia GutDetlef Jantos Nome dell\u2019azienda: EvivaMed Svizzera SaglNumero di partita IVA: CHE-434.205.789 Esclusione di responsabilit\u00e0L\u2019autore non garantisce la correttezza, precisione, aggiornamento, affidabilit\u00e0 e completezza delle informazioni fornite.Sono escluse richieste di responsabilit\u00e0 nei confronti dell\u2019autore per danni materiali o immateriali derivanti dall\u2019accesso o [&hellip;]\" \/>\n<meta property=\"og:url\" content=\"https:\/\/evivamed.ch\/impressum\/\" \/>\n<meta property=\"og:site_name\" content=\"evivamed Schweiz GmbH\" \/>\n<meta property=\"article:modified_time\" content=\"2025-09-08T09:50:38+00:00\" \/>\n<meta property=\"og:image\" content=\"https:\/\/evivamed.ch\/wp-content\/uploads\/2025\/08\/evivamed6.webp\" \/>\n\t<meta property=\"og:image:width\" content=\"1800\" \/>\n\t<meta property=\"og:image:height\" content=\"771\" \/>\n\t<meta property=\"og:image:type\" content=\"image\/webp\" \/>\n<meta name=\"twitter:card\" content=\"summary_large_image\" \/>\n<meta name=\"twitter:label1\" content=\"Tempo di lettura stimato\" \/>\n\t<meta name=\"twitter:data1\" content=\"1 minuto\" \/>\n<script type=\"application\/ld+json\" class=\"yoast-schema-graph\">{\"@context\":\"https:\/\/schema.org\",\"@graph\":[{\"@type\":\"WebPage\",\"@id\":\"https:\/\/evivamed.ch\/impressum\/\",\"url\":\"https:\/\/evivamed.ch\/impressum\/\",\"name\":\"Note legali - evivamed Schweiz GmbH\",\"isPartOf\":{\"@id\":\"https:\/\/evivamed.ch\/#website\"},\"datePublished\":\"2025-08-06T06:30:14+00:00\",\"dateModified\":\"2025-09-08T09:50:38+00:00\",\"breadcrumb\":{\"@id\":\"https:\/\/evivamed.ch\/impressum\/#breadcrumb\"},\"inLanguage\":\"it-IT\",\"potentialAction\":[{\"@type\":\"ReadAction\",\"target\":[\"https:\/\/evivamed.ch\/impressum\/\"]}]},{\"@type\":\"BreadcrumbList\",\"@id\":\"https:\/\/evivamed.ch\/impressum\/#breadcrumb\",\"itemListElement\":[{\"@type\":\"ListItem\",\"position\":1,\"name\":\"Startseite\",\"item\":\"https:\/\/evivamed.ch\/\"},{\"@type\":\"ListItem\",\"position\":2,\"name\":\"Note legali\"}]},{\"@type\":\"WebSite\",\"@id\":\"https:\/\/evivamed.ch\/#website\",\"url\":\"https:\/\/evivamed.ch\/\",\"name\":\"evivamed Schweiz GmbH\",\"description\":\"Dedicated ti selfcare\",\"publisher\":{\"@id\":\"https:\/\/evivamed.ch\/#organization\"},\"potentialAction\":[{\"@type\":\"SearchAction\",\"target\":{\"@type\":\"EntryPoint\",\"urlTemplate\":\"https:\/\/evivamed.ch\/?s={search_term_string}\"},\"query-input\":{\"@type\":\"PropertyValueSpecification\",\"valueRequired\":true,\"valueName\":\"search_term_string\"}}],\"inLanguage\":\"it-IT\"},{\"@type\":\"Organization\",\"@id\":\"https:\/\/evivamed.ch\/#organization\",\"name\":\"evivamed Schweiz GmbH\",\"url\":\"https:\/\/evivamed.ch\/\",\"logo\":{\"@type\":\"ImageObject\",\"inLanguage\":\"it-IT\",\"@id\":\"https:\/\/evivamed.ch\/#\/schema\/logo\/image\/\",\"url\":\"https:\/\/evivamed.ch\/wp-content\/uploads\/2025\/07\/evivamed-logo.webp\",\"contentUrl\":\"https:\/\/evivamed.ch\/wp-content\/uploads\/2025\/07\/evivamed-logo.webp\",\"width\":800,\"height\":250,\"caption\":\"evivamed Schweiz GmbH\"},\"image\":{\"@id\":\"https:\/\/evivamed.ch\/#\/schema\/logo\/image\/\"}}]}<\/script>\n<!-- \/ Yoast SEO plugin. -->","yoast_head_json":{"title":"Note legali - evivamed Schweiz GmbH","robots":{"index":"index","follow":"follow","max-snippet":"max-snippet:-1","max-image-preview":"max-image-preview:large","max-video-preview":"max-video-preview:-1"},"canonical":"https:\/\/evivamed.ch\/impressum\/","og_locale":"it_IT","og_type":"article","og_title":"Note legali - evivamed Schweiz GmbH","og_description":"Note Legali Autorit\u00e0 responsabile:EvivaMed Svizzera SaglSilvia GutSuurstoffi 296343 Rotkreuz Persone autorizzate a rappresentare l\u2019azienda:Silvia GutDetlef Jantos Nome dell\u2019azienda: EvivaMed Svizzera SaglNumero di partita IVA: CHE-434.205.789 Esclusione di responsabilit\u00e0L\u2019autore non garantisce la correttezza, precisione, aggiornamento, affidabilit\u00e0 e completezza delle informazioni fornite.Sono escluse richieste di responsabilit\u00e0 nei confronti dell\u2019autore per danni materiali o immateriali derivanti dall\u2019accesso o [&hellip;]","og_url":"https:\/\/evivamed.ch\/impressum\/","og_site_name":"evivamed Schweiz GmbH","article_modified_time":"2025-09-08T09:50:38+00:00","og_image":[{"width":1800,"height":771,"url":"https:\/\/evivamed.ch\/wp-content\/uploads\/2025\/08\/evivamed6.webp","type":"image\/webp"}],"twitter_card":"summary_large_image","twitter_misc":{"Tempo di lettura stimato":"1 minuto"},"schema":{"@context":"https:\/\/schema.org","@graph":[{"@type":"WebPage","@id":"https:\/\/evivamed.ch\/impressum\/","url":"https:\/\/evivamed.ch\/impressum\/","name":"Note legali - evivamed Schweiz GmbH","isPartOf":{"@id":"https:\/\/evivamed.ch\/#website"},"datePublished":"2025-08-06T06:30:14+00:00","dateModified":"2025-09-08T09:50:38+00:00","breadcrumb":{"@id":"https:\/\/evivamed.ch\/impressum\/#breadcrumb"},"inLanguage":"it-IT","potentialAction":[{"@type":"ReadAction","target":["https:\/\/evivamed.ch\/impressum\/"]}]},{"@type":"BreadcrumbList","@id":"https:\/\/evivamed.ch\/impressum\/#breadcrumb","itemListElement":[{"@type":"ListItem","position":1,"name":"Startseite","item":"https:\/\/evivamed.ch\/"},{"@type":"ListItem","position":2,"name":"Note legali"}]},{"@type":"WebSite","@id":"https:\/\/evivamed.ch\/#website","url":"https:\/\/evivamed.ch\/","name":"evivamed Schweiz GmbH","description":"Dedicated ti selfcare","publisher":{"@id":"https:\/\/evivamed.ch\/#organization"},"potentialAction":[{"@type":"SearchAction","target":{"@type":"EntryPoint","urlTemplate":"https:\/\/evivamed.ch\/?s={search_term_string}"},"query-input":{"@type":"PropertyValueSpecification","valueRequired":true,"valueName":"search_term_string"}}],"inLanguage":"it-IT"},{"@type":"Organization","@id":"https:\/\/evivamed.ch\/#organization","name":"evivamed Schweiz GmbH","url":"https:\/\/evivamed.ch\/","logo":{"@type":"ImageObject","inLanguage":"it-IT","@id":"https:\/\/evivamed.ch\/#\/schema\/logo\/image\/","url":"https:\/\/evivamed.ch\/wp-content\/uploads\/2025\/07\/evivamed-logo.webp","contentUrl":"https:\/\/evivamed.ch\/wp-content\/uploads\/2025\/07\/evivamed-logo.webp","width":800,"height":250,"caption":"evivamed Schweiz GmbH"},"image":{"@id":"https:\/\/evivamed.ch\/#\/schema\/logo\/image\/"}}]}},"_links":{"self":[{"href":"https:\/\/evivamed.ch\/it\/wp-json\/wp\/v2\/pages\/568","targetHints":{"allow":["GET"]}}],"collection":[{"href":"https:\/\/evivamed.ch\/it\/wp-json\/wp\/v2\/pages"}],"about":[{"href":"https:\/\/evivamed.ch\/it\/wp-json\/wp\/v2\/types\/page"}],"author":[{"embeddable":true,"href":"https:\/\/evivamed.ch\/it\/wp-json\/wp\/v2\/users\/1"}],"replies":[{"embeddable":true,"href":"https:\/\/evivamed.ch\/it\/wp-json\/wp\/v2\/comments?post=568"}],"version-history":[{"count":4,"href":"https:\/\/evivamed.ch\/it\/wp-json\/wp\/v2\/pages\/568\/revisions"}],"predecessor-version":[{"id":793,"href":"https:\/\/evivamed.ch\/it\/wp-json\/wp\/v2\/pages\/568\/revisions\/793"}],"wp:attachment":[{"href":"https:\/\/evivamed.ch\/it\/wp-json\/wp\/v2\/media?parent=568"}],"curies":[{"name":"wp","href":"https:\/\/api.w.org\/{rel}","templated":true}]}}