{"id":571,"date":"2025-08-06T06:30:04","date_gmt":"2025-08-06T06:30:04","guid":{"rendered":"https:\/\/evivamed.ch\/ueber-uns\/"},"modified":"2026-03-16T13:01:34","modified_gmt":"2026-03-16T13:01:34","slug":"a-propos-de-nous","status":"publish","type":"page","link":"https:\/\/evivamed.ch\/fr\/a-propos-de-nous\/","title":{"rendered":"\u00c0 propos de nous"},"content":{"rendered":"\t\t<div data-elementor-type=\"wp-page\" data-elementor-id=\"571\" class=\"elementor elementor-571 elementor-44\" data-elementor-post-type=\"page\">\n\t\t\t\t<div class=\"elementor-element elementor-element-01695b8 e-con-full e-flex e-con e-parent\" data-id=\"01695b8\" data-element_type=\"container\" data-e-type=\"container\" data-settings=\"{&quot;background_background&quot;:&quot;classic&quot;}\">\n\t\t\t\t<div class=\"elementor-element elementor-element-2926cfd elementor-widget elementor-widget-heading\" data-id=\"2926cfd\" data-element_type=\"widget\" data-e-type=\"widget\" data-widget_type=\"heading.default\">\n\t\t\t\t\t<h1 class=\"elementor-heading-title elementor-size-default\">Votre partenaire fiable pour des <\/br><b>produits de diab\u00e8te de haute qualit\u00e9<\/b> <\/h1>\t\t\t\t<\/div>\n\t\t\t\t<\/div>\n\t\t<div class=\"elementor-element elementor-element-098eb6c e-flex e-con-boxed e-con e-parent\" data-id=\"098eb6c\" data-element_type=\"container\" data-e-type=\"container\">\n\t\t\t\t\t<div class=\"e-con-inner\">\n\t\t\t\t<div class=\"elementor-element elementor-element-3e9d654 elementor-widget__width-inherit elementor-widget elementor-widget-heading\" data-id=\"3e9d654\" data-element_type=\"widget\" data-e-type=\"widget\" data-widget_type=\"heading.default\">\n\t\t\t\t\t<h2 class=\"elementor-heading-title elementor-size-default\">Petit, <span class=\"gr\">engag\u00e9, <\/span>personnel<\/h2>\t\t\t\t<\/div>\n\t\t\t\t<div class=\"elementor-element elementor-element-8347a69 elementor-widget__width-inherit elementor-widget elementor-widget-text-editor\" data-id=\"8347a69\" data-element_type=\"widget\" data-e-type=\"widget\" data-widget_type=\"text-editor.default\">\n\t\t\t\t\t\t\t\t\t<p>Nous sommes une petite \u00e9quipe avec un grand impact. Notre motivation est de proposer des produits de haute qualit\u00e9 \u00e0 des conditions attractives tout en apportant une contribution sociale.<\/p><p>C\u2019est pourquoi nous collaborons \u00e9troitement avec notre partenaire logistique, la fondation TRANSfair (trans-fair.ch) \u00e0 Gwatt pr\u00e8s de Thoune. Avec chaque commande, vous soutenez des personnes confront\u00e9es \u00e0 des difficult\u00e9s psychiques dans leur parcours de r\u00e9insertion professionnelle.<\/p><p>Un choix responsable &#8211; pour une qualit\u00e9 responsable.<\/p>\t\t\t\t\t\t\t\t<\/div>\n\t\t\t\t<div class=\"elementor-element elementor-element-cb159f2 elementor-widget__width-inherit elementor-widget elementor-widget-heading\" data-id=\"cb159f2\" data-element_type=\"widget\" data-e-type=\"widget\" data-widget_type=\"heading.default\">\n\t\t\t\t\t<h2 class=\"elementor-heading-title elementor-size-default\">Notre \u00e9quipe<\/h2>\t\t\t\t<\/div>\n\t\t<div class=\"elementor-element elementor-element-af5aef2 e-con-full e-flex e-con e-child\" data-id=\"af5aef2\" data-element_type=\"container\" data-e-type=\"container\">\n\t\t\t\t<div class=\"elementor-element elementor-element-519f411 elementor-widget elementor-widget-image\" data-id=\"519f411\" data-element_type=\"widget\" data-e-type=\"widget\" data-widget_type=\"image.default\">\n\t\t\t\t\t\t\t\t\t\t\t\t\t\t\t<img fetchpriority=\"high\" decoding=\"async\" width=\"500\" height=\"474\" src=\"https:\/\/evivamed.ch\/wp-content\/uploads\/2025\/08\/evivamed-team-chrigel.webp\" class=\"attachment-large size-large wp-image-706\" alt=\"\" srcset=\"https:\/\/evivamed.ch\/wp-content\/uploads\/2025\/08\/evivamed-team-chrigel.webp 500w, https:\/\/evivamed.ch\/wp-content\/uploads\/2025\/08\/evivamed-team-chrigel-300x284.webp 300w\" sizes=\"(max-width: 500px) 100vw, 500px\" \/>\t\t\t\t\t\t\t\t\t\t\t\t\t\t\t<\/div>\n\t\t\t\t<div class=\"elementor-element elementor-element-2546122 elementor-widget elementor-widget-text-editor\" data-id=\"2546122\" data-element_type=\"widget\" data-e-type=\"widget\" data-widget_type=\"text-editor.default\">\n\t\t\t\t\t\t\t\t\t<p><b>Christian Trachsel<br \/><\/b>Sales Manager<\/p><p><a href=\"mailto:christian.trachsel@evivamed.ch\">christian.trachsel@evivamed.ch<\/a><br \/><a href=\"tel:075 402 35 35\">075 402 35 35<\/a><\/p>\t\t\t\t\t\t\t\t<\/div>\n\t\t\t\t<\/div>\n\t\t<div class=\"elementor-element elementor-element-f5ba054 e-con-full e-flex e-con e-child\" data-id=\"f5ba054\" data-element_type=\"container\" data-e-type=\"container\">\n\t\t\t\t<div class=\"elementor-element elementor-element-33e2996 elementor-widget elementor-widget-image\" data-id=\"33e2996\" data-element_type=\"widget\" data-e-type=\"widget\" data-widget_type=\"image.default\">\n\t\t\t\t\t\t\t\t\t\t\t\t\t\t\t<img decoding=\"async\" width=\"500\" height=\"474\" src=\"https:\/\/evivamed.ch\/wp-content\/uploads\/2025\/08\/evivamed-team-silvia-gut-Kopie.webp\" class=\"attachment-large size-large wp-image-705\" alt=\"\" srcset=\"https:\/\/evivamed.ch\/wp-content\/uploads\/2025\/08\/evivamed-team-silvia-gut-Kopie.webp 500w, https:\/\/evivamed.ch\/wp-content\/uploads\/2025\/08\/evivamed-team-silvia-gut-Kopie-300x284.webp 300w\" sizes=\"(max-width: 500px) 100vw, 500px\" \/>\t\t\t\t\t\t\t\t\t\t\t\t\t\t\t<\/div>\n\t\t\t\t<div class=\"elementor-element elementor-element-e7210c4 elementor-widget elementor-widget-text-editor\" data-id=\"e7210c4\" data-element_type=\"widget\" data-e-type=\"widget\" data-widget_type=\"text-editor.default\">\n\t\t\t\t\t\t\t\t\t<p><b>Silvia Gut<br \/><\/b>G\u00e9rante<\/p><p><a href=\"mailto:silvia.gut@evivamed.ch\">silvia.gut@evivamed.ch<\/a><br \/><a href=\"tel:078 843 43 93\">078 843 43 93<\/a><\/p>\t\t\t\t\t\t\t\t<\/div>\n\t\t\t\t<\/div>\n\t\t\t\t\t<\/div>\n\t\t\t\t<\/div>\n\t\t\t\t<\/div>\n\t\t","protected":false},"excerpt":{"rendered":"<p>Votre partenaire fiable pour des produits de diab\u00e8te de haute qualit\u00e9 Petit, engag\u00e9, personnel Nous sommes une petite \u00e9quipe avec un grand impact. Notre motivation est de proposer des produits de haute qualit\u00e9 \u00e0 des conditions attractives tout en apportant une contribution sociale. C\u2019est pourquoi nous collaborons \u00e9troitement avec notre partenaire logistique, la fondation TRANSfair [&hellip;]<\/p>\n","protected":false},"author":1,"featured_media":0,"parent":0,"menu_order":0,"comment_status":"closed","ping_status":"closed","template":"","meta":{"footnotes":""},"class_list":["post-571","page","type-page","status-publish","hentry"],"yoast_head":"<!-- This site is optimized with the Yoast SEO plugin v27.2 - https:\/\/yoast.com\/product\/yoast-seo-wordpress\/ -->\n<title>\u00c0 propos de nous - evivamed Schweiz GmbH<\/title>\n<meta name=\"robots\" content=\"index, follow, max-snippet:-1, max-image-preview:large, max-video-preview:-1\" \/>\n<link rel=\"canonical\" href=\"https:\/\/evivamed.ch\/ueber-uns\/\" \/>\n<meta property=\"og:locale\" content=\"fr_FR\" \/>\n<meta property=\"og:type\" content=\"article\" \/>\n<meta property=\"og:title\" content=\"\u00c0 propos de nous - evivamed Schweiz GmbH\" \/>\n<meta property=\"og:description\" content=\"Votre partenaire fiable pour des produits de diab\u00e8te de haute qualit\u00e9 Petit, engag\u00e9, personnel Nous sommes une petite \u00e9quipe avec un grand impact. Notre motivation est de proposer des produits de haute qualit\u00e9 \u00e0 des conditions attractives tout en apportant une contribution sociale. C\u2019est pourquoi nous collaborons \u00e9troitement avec notre partenaire logistique, la fondation TRANSfair [&hellip;]\" \/>\n<meta property=\"og:url\" content=\"https:\/\/evivamed.ch\/ueber-uns\/\" \/>\n<meta property=\"og:site_name\" content=\"evivamed Schweiz GmbH\" \/>\n<meta property=\"article:modified_time\" content=\"2026-03-16T13:01:34+00:00\" \/>\n<meta property=\"og:image\" content=\"https:\/\/evivamed.ch\/wp-content\/uploads\/2025\/08\/evivamed-team-chrigel.webp\" \/>\n\t<meta property=\"og:image:width\" content=\"500\" \/>\n\t<meta property=\"og:image:height\" content=\"474\" \/>\n\t<meta property=\"og:image:type\" content=\"image\/webp\" \/>\n<meta name=\"twitter:card\" content=\"summary_large_image\" \/>\n<meta name=\"twitter:label1\" content=\"Dur\u00e9e de lecture estim\u00e9e\" \/>\n\t<meta name=\"twitter:data1\" content=\"1 minute\" \/>\n<script type=\"application\/ld+json\" class=\"yoast-schema-graph\">{\"@context\":\"https:\/\/schema.org\",\"@graph\":[{\"@type\":\"WebPage\",\"@id\":\"https:\/\/evivamed.ch\/ueber-uns\/\",\"url\":\"https:\/\/evivamed.ch\/ueber-uns\/\",\"name\":\"\u00c0 propos de nous - evivamed Schweiz GmbH\",\"isPartOf\":{\"@id\":\"https:\/\/evivamed.ch\/#website\"},\"primaryImageOfPage\":{\"@id\":\"https:\/\/evivamed.ch\/ueber-uns\/#primaryimage\"},\"image\":{\"@id\":\"https:\/\/evivamed.ch\/ueber-uns\/#primaryimage\"},\"thumbnailUrl\":\"https:\/\/evivamed.ch\/wp-content\/uploads\/2025\/08\/evivamed-team-chrigel.webp\",\"datePublished\":\"2025-08-06T06:30:04+00:00\",\"dateModified\":\"2026-03-16T13:01:34+00:00\",\"breadcrumb\":{\"@id\":\"https:\/\/evivamed.ch\/ueber-uns\/#breadcrumb\"},\"inLanguage\":\"fr-FR\",\"potentialAction\":[{\"@type\":\"ReadAction\",\"target\":[\"https:\/\/evivamed.ch\/ueber-uns\/\"]}]},{\"@type\":\"ImageObject\",\"inLanguage\":\"fr-FR\",\"@id\":\"https:\/\/evivamed.ch\/ueber-uns\/#primaryimage\",\"url\":\"https:\/\/evivamed.ch\/wp-content\/uploads\/2025\/08\/evivamed-team-chrigel.webp\",\"contentUrl\":\"https:\/\/evivamed.ch\/wp-content\/uploads\/2025\/08\/evivamed-team-chrigel.webp\"},{\"@type\":\"BreadcrumbList\",\"@id\":\"https:\/\/evivamed.ch\/ueber-uns\/#breadcrumb\",\"itemListElement\":[{\"@type\":\"ListItem\",\"position\":1,\"name\":\"Startseite\",\"item\":\"https:\/\/evivamed.ch\/\"},{\"@type\":\"ListItem\",\"position\":2,\"name\":\"\u00c0 propos de nous\"}]},{\"@type\":\"WebSite\",\"@id\":\"https:\/\/evivamed.ch\/#website\",\"url\":\"https:\/\/evivamed.ch\/\",\"name\":\"evivamed Schweiz GmbH\",\"description\":\"Dedicated ti selfcare\",\"publisher\":{\"@id\":\"https:\/\/evivamed.ch\/#organization\"},\"potentialAction\":[{\"@type\":\"SearchAction\",\"target\":{\"@type\":\"EntryPoint\",\"urlTemplate\":\"https:\/\/evivamed.ch\/?s={search_term_string}\"},\"query-input\":{\"@type\":\"PropertyValueSpecification\",\"valueRequired\":true,\"valueName\":\"search_term_string\"}}],\"inLanguage\":\"fr-FR\"},{\"@type\":\"Organization\",\"@id\":\"https:\/\/evivamed.ch\/#organization\",\"name\":\"evivamed Schweiz GmbH\",\"url\":\"https:\/\/evivamed.ch\/\",\"logo\":{\"@type\":\"ImageObject\",\"inLanguage\":\"fr-FR\",\"@id\":\"https:\/\/evivamed.ch\/#\/schema\/logo\/image\/\",\"url\":\"https:\/\/evivamed.ch\/wp-content\/uploads\/2025\/07\/evivamed-logo.webp\",\"contentUrl\":\"https:\/\/evivamed.ch\/wp-content\/uploads\/2025\/07\/evivamed-logo.webp\",\"width\":800,\"height\":250,\"caption\":\"evivamed Schweiz GmbH\"},\"image\":{\"@id\":\"https:\/\/evivamed.ch\/#\/schema\/logo\/image\/\"}}]}<\/script>\n<!-- \/ Yoast SEO plugin. -->","yoast_head_json":{"title":"\u00c0 propos de nous - evivamed Schweiz GmbH","robots":{"index":"index","follow":"follow","max-snippet":"max-snippet:-1","max-image-preview":"max-image-preview:large","max-video-preview":"max-video-preview:-1"},"canonical":"https:\/\/evivamed.ch\/ueber-uns\/","og_locale":"fr_FR","og_type":"article","og_title":"\u00c0 propos de nous - evivamed Schweiz GmbH","og_description":"Votre partenaire fiable pour des produits de diab\u00e8te de haute qualit\u00e9 Petit, engag\u00e9, personnel Nous sommes une petite \u00e9quipe avec un grand impact. Notre motivation est de proposer des produits de haute qualit\u00e9 \u00e0 des conditions attractives tout en apportant une contribution sociale. C\u2019est pourquoi nous collaborons \u00e9troitement avec notre partenaire logistique, la fondation TRANSfair [&hellip;]","og_url":"https:\/\/evivamed.ch\/ueber-uns\/","og_site_name":"evivamed Schweiz GmbH","article_modified_time":"2026-03-16T13:01:34+00:00","og_image":[{"width":500,"height":474,"url":"https:\/\/evivamed.ch\/wp-content\/uploads\/2025\/08\/evivamed-team-chrigel.webp","type":"image\/webp"}],"twitter_card":"summary_large_image","twitter_misc":{"Dur\u00e9e de lecture estim\u00e9e":"1 minute"},"schema":{"@context":"https:\/\/schema.org","@graph":[{"@type":"WebPage","@id":"https:\/\/evivamed.ch\/ueber-uns\/","url":"https:\/\/evivamed.ch\/ueber-uns\/","name":"\u00c0 propos de nous - evivamed Schweiz GmbH","isPartOf":{"@id":"https:\/\/evivamed.ch\/#website"},"primaryImageOfPage":{"@id":"https:\/\/evivamed.ch\/ueber-uns\/#primaryimage"},"image":{"@id":"https:\/\/evivamed.ch\/ueber-uns\/#primaryimage"},"thumbnailUrl":"https:\/\/evivamed.ch\/wp-content\/uploads\/2025\/08\/evivamed-team-chrigel.webp","datePublished":"2025-08-06T06:30:04+00:00","dateModified":"2026-03-16T13:01:34+00:00","breadcrumb":{"@id":"https:\/\/evivamed.ch\/ueber-uns\/#breadcrumb"},"inLanguage":"fr-FR","potentialAction":[{"@type":"ReadAction","target":["https:\/\/evivamed.ch\/ueber-uns\/"]}]},{"@type":"ImageObject","inLanguage":"fr-FR","@id":"https:\/\/evivamed.ch\/ueber-uns\/#primaryimage","url":"https:\/\/evivamed.ch\/wp-content\/uploads\/2025\/08\/evivamed-team-chrigel.webp","contentUrl":"https:\/\/evivamed.ch\/wp-content\/uploads\/2025\/08\/evivamed-team-chrigel.webp"},{"@type":"BreadcrumbList","@id":"https:\/\/evivamed.ch\/ueber-uns\/#breadcrumb","itemListElement":[{"@type":"ListItem","position":1,"name":"Startseite","item":"https:\/\/evivamed.ch\/"},{"@type":"ListItem","position":2,"name":"\u00c0 propos de nous"}]},{"@type":"WebSite","@id":"https:\/\/evivamed.ch\/#website","url":"https:\/\/evivamed.ch\/","name":"evivamed Schweiz GmbH","description":"Dedicated ti selfcare","publisher":{"@id":"https:\/\/evivamed.ch\/#organization"},"potentialAction":[{"@type":"SearchAction","target":{"@type":"EntryPoint","urlTemplate":"https:\/\/evivamed.ch\/?s={search_term_string}"},"query-input":{"@type":"PropertyValueSpecification","valueRequired":true,"valueName":"search_term_string"}}],"inLanguage":"fr-FR"},{"@type":"Organization","@id":"https:\/\/evivamed.ch\/#organization","name":"evivamed Schweiz GmbH","url":"https:\/\/evivamed.ch\/","logo":{"@type":"ImageObject","inLanguage":"fr-FR","@id":"https:\/\/evivamed.ch\/#\/schema\/logo\/image\/","url":"https:\/\/evivamed.ch\/wp-content\/uploads\/2025\/07\/evivamed-logo.webp","contentUrl":"https:\/\/evivamed.ch\/wp-content\/uploads\/2025\/07\/evivamed-logo.webp","width":800,"height":250,"caption":"evivamed Schweiz GmbH"},"image":{"@id":"https:\/\/evivamed.ch\/#\/schema\/logo\/image\/"}}]}},"_links":{"self":[{"href":"https:\/\/evivamed.ch\/fr\/wp-json\/wp\/v2\/pages\/571","targetHints":{"allow":["GET"]}}],"collection":[{"href":"https:\/\/evivamed.ch\/fr\/wp-json\/wp\/v2\/pages"}],"about":[{"href":"https:\/\/evivamed.ch\/fr\/wp-json\/wp\/v2\/types\/page"}],"author":[{"embeddable":true,"href":"https:\/\/evivamed.ch\/fr\/wp-json\/wp\/v2\/users\/1"}],"replies":[{"embeddable":true,"href":"https:\/\/evivamed.ch\/fr\/wp-json\/wp\/v2\/comments?post=571"}],"version-history":[{"count":22,"href":"https:\/\/evivamed.ch\/fr\/wp-json\/wp\/v2\/pages\/571\/revisions"}],"predecessor-version":[{"id":1373,"href":"https:\/\/evivamed.ch\/fr\/wp-json\/wp\/v2\/pages\/571\/revisions\/1373"}],"wp:attachment":[{"href":"https:\/\/evivamed.ch\/fr\/wp-json\/wp\/v2\/media?parent=571"}],"curies":[{"name":"wp","href":"https:\/\/api.w.org\/{rel}","templated":true}]}}