{"id":567,"date":"2025-08-06T06:30:14","date_gmt":"2025-08-06T06:30:14","guid":{"rendered":"https:\/\/evivamed.ch\/impressum\/"},"modified":"2025-09-08T09:48:42","modified_gmt":"2025-09-08T09:48:42","slug":"informations-legales","status":"publish","type":"page","link":"https:\/\/evivamed.ch\/fr\/informations-legales\/","title":{"rendered":"Informations l\u00e9gales"},"content":{"rendered":"\t\t<div data-elementor-type=\"wp-page\" data-elementor-id=\"567\" class=\"elementor elementor-567 elementor-46\" data-elementor-post-type=\"page\">\n\t\t\t\t<div class=\"elementor-element elementor-element-21dea3a e-con-full e-flex e-con e-parent\" data-id=\"21dea3a\" data-element_type=\"container\" data-e-type=\"container\" data-settings=\"{&quot;background_background&quot;:&quot;classic&quot;}\">\n\t\t\t\t<div class=\"elementor-element elementor-element-270a04d elementor-widget elementor-widget-heading\" data-id=\"270a04d\" data-element_type=\"widget\" data-e-type=\"widget\" data-widget_type=\"heading.default\">\n\t\t\t\t\t<h1 class=\"elementor-heading-title elementor-size-default\">Informations l\u00e9gales<\/h1>\t\t\t\t<\/div>\n\t\t\t\t<\/div>\n\t\t<div class=\"elementor-element elementor-element-ffb3eaa e-flex e-con-boxed e-con e-parent\" data-id=\"ffb3eaa\" data-element_type=\"container\" data-e-type=\"container\">\n\t\t\t\t\t<div class=\"e-con-inner\">\n\t\t\t\t<div class=\"elementor-element elementor-element-c11844b elementor-widget__width-inherit elementor-widget elementor-widget-text-editor\" data-id=\"c11844b\" data-element_type=\"widget\" data-e-type=\"widget\" data-widget_type=\"text-editor.default\">\n\t\t\t\t\t\t\t\t\t<p><b>Instance responsable :<\/b><br \/>EvivaMed Suisse S\u00e0rl<br \/>Silvia Gut<br \/>Suurstoffi 29<br \/>6343 Rotkreuz<\/p><p><b>Personnes habilit\u00e9es \u00e0 repr\u00e9senter l\u2019entreprise :<\/b><br \/>Silvia Gut<br \/>Detlef Jantos<\/p><p><b>Nom de l\u2019entreprise :<\/b> EvivaMed Suisse S\u00e0rl<br \/><b>Num\u00e9ro de TVA :<\/b> CHE-434.205.789<\/p><p><b>Clause de non-responsabilit\u00e9<\/b><br \/>L\u2019auteur ne garantit pas l\u2019exactitude, la pr\u00e9cision, l\u2019actualit\u00e9, la fiabilit\u00e9 et l\u2019exhaustivit\u00e9 des informations fournies.<br \/>Les demandes de responsabilit\u00e9 envers l\u2019auteur pour des dommages mat\u00e9riels ou immat\u00e9riels r\u00e9sultant de l\u2019acc\u00e8s ou de l\u2019utilisation, ou de la non-utilisation, des informations publi\u00e9es, d\u2019un usage abusif de la connexion ou de perturbations techniques, sont exclues.<\/p><p>Toutes les offres sont sans engagement. L\u2019auteur se r\u00e9serve express\u00e9ment le droit de modifier, compl\u00e9ter, supprimer des parties du site ou l\u2019ensemble de l\u2019offre sans pr\u00e9avis, ou de suspendre temporairement ou d\u00e9finitivement la publication.<\/p><p><b>Clause de non-responsabilit\u00e9 concernant le contenu et les liens<\/b><br \/>Les r\u00e9f\u00e9rences et liens vers des sites web tiers \u00e9chappent \u00e0 notre responsabilit\u00e9. Toute responsabilit\u00e9 pour ces sites web est exclue. L\u2019acc\u00e8s et l\u2019utilisation de ces sites web se font aux risques et p\u00e9rils de l\u2019utilisateur.<\/p><p><b>Droits d\u2019auteur<\/b><br \/>Les droits d\u2019auteur et tous les autres droits sur les contenus, images, photos ou autres fichiers pr\u00e9sents sur ce site appartiennent exclusivement \u00e0 EvivaMed Suisse GmbH ou aux titulaires de droits express\u00e9ment d\u00e9sign\u00e9s. Toute reproduction d\u2019\u00e9l\u00e9ments n\u00e9cessite l\u2019accord \u00e9crit pr\u00e9alable du d\u00e9tenteur des droits.<\/p>\t\t\t\t\t\t\t\t<\/div>\n\t\t\t\t\t<\/div>\n\t\t\t\t<\/div>\n\t\t\t\t<\/div>\n\t\t","protected":false},"excerpt":{"rendered":"<p>Informations l\u00e9gales Instance responsable :EvivaMed Suisse S\u00e0rlSilvia GutSuurstoffi 296343 Rotkreuz Personnes habilit\u00e9es \u00e0 repr\u00e9senter l\u2019entreprise :Silvia GutDetlef Jantos Nom de l\u2019entreprise : EvivaMed Suisse S\u00e0rlNum\u00e9ro de TVA : CHE-434.205.789 Clause de non-responsabilit\u00e9L\u2019auteur ne garantit pas l\u2019exactitude, la pr\u00e9cision, l\u2019actualit\u00e9, la fiabilit\u00e9 et l\u2019exhaustivit\u00e9 des informations fournies.Les demandes de responsabilit\u00e9 envers l\u2019auteur pour des dommages mat\u00e9riels [&hellip;]<\/p>\n","protected":false},"author":1,"featured_media":0,"parent":0,"menu_order":0,"comment_status":"closed","ping_status":"closed","template":"","meta":{"footnotes":""},"class_list":["post-567","page","type-page","status-publish","hentry"],"yoast_head":"<!-- This site is optimized with the Yoast SEO plugin v27.2 - https:\/\/yoast.com\/product\/yoast-seo-wordpress\/ -->\n<title>Informations l\u00e9gales - evivamed Schweiz GmbH<\/title>\n<meta name=\"robots\" content=\"index, follow, max-snippet:-1, max-image-preview:large, max-video-preview:-1\" \/>\n<link rel=\"canonical\" href=\"https:\/\/evivamed.ch\/impressum\/\" \/>\n<meta property=\"og:locale\" content=\"fr_FR\" \/>\n<meta property=\"og:type\" content=\"article\" \/>\n<meta property=\"og:title\" content=\"Informations l\u00e9gales - evivamed Schweiz GmbH\" \/>\n<meta property=\"og:description\" content=\"Informations l\u00e9gales Instance responsable :EvivaMed Suisse S\u00e0rlSilvia GutSuurstoffi 296343 Rotkreuz Personnes habilit\u00e9es \u00e0 repr\u00e9senter l\u2019entreprise :Silvia GutDetlef Jantos Nom de l\u2019entreprise : EvivaMed Suisse S\u00e0rlNum\u00e9ro de TVA : CHE-434.205.789 Clause de non-responsabilit\u00e9L\u2019auteur ne garantit pas l\u2019exactitude, la pr\u00e9cision, l\u2019actualit\u00e9, la fiabilit\u00e9 et l\u2019exhaustivit\u00e9 des informations fournies.Les demandes de responsabilit\u00e9 envers l\u2019auteur pour des dommages mat\u00e9riels [&hellip;]\" \/>\n<meta property=\"og:url\" content=\"https:\/\/evivamed.ch\/impressum\/\" \/>\n<meta property=\"og:site_name\" content=\"evivamed Schweiz GmbH\" \/>\n<meta property=\"article:modified_time\" content=\"2025-09-08T09:48:42+00:00\" \/>\n<meta property=\"og:image\" content=\"https:\/\/evivamed.ch\/wp-content\/uploads\/2025\/08\/evivamed6.webp\" \/>\n\t<meta property=\"og:image:width\" content=\"1800\" \/>\n\t<meta property=\"og:image:height\" content=\"771\" \/>\n\t<meta property=\"og:image:type\" content=\"image\/webp\" \/>\n<meta name=\"twitter:card\" content=\"summary_large_image\" \/>\n<meta name=\"twitter:label1\" content=\"Dur\u00e9e de lecture estim\u00e9e\" \/>\n\t<meta name=\"twitter:data1\" content=\"1 minute\" \/>\n<script type=\"application\/ld+json\" class=\"yoast-schema-graph\">{\"@context\":\"https:\/\/schema.org\",\"@graph\":[{\"@type\":\"WebPage\",\"@id\":\"https:\/\/evivamed.ch\/impressum\/\",\"url\":\"https:\/\/evivamed.ch\/impressum\/\",\"name\":\"Informations l\u00e9gales - evivamed Schweiz GmbH\",\"isPartOf\":{\"@id\":\"https:\/\/evivamed.ch\/#website\"},\"datePublished\":\"2025-08-06T06:30:14+00:00\",\"dateModified\":\"2025-09-08T09:48:42+00:00\",\"breadcrumb\":{\"@id\":\"https:\/\/evivamed.ch\/impressum\/#breadcrumb\"},\"inLanguage\":\"fr-FR\",\"potentialAction\":[{\"@type\":\"ReadAction\",\"target\":[\"https:\/\/evivamed.ch\/impressum\/\"]}]},{\"@type\":\"BreadcrumbList\",\"@id\":\"https:\/\/evivamed.ch\/impressum\/#breadcrumb\",\"itemListElement\":[{\"@type\":\"ListItem\",\"position\":1,\"name\":\"Startseite\",\"item\":\"https:\/\/evivamed.ch\/\"},{\"@type\":\"ListItem\",\"position\":2,\"name\":\"Informations l\u00e9gales\"}]},{\"@type\":\"WebSite\",\"@id\":\"https:\/\/evivamed.ch\/#website\",\"url\":\"https:\/\/evivamed.ch\/\",\"name\":\"evivamed Schweiz GmbH\",\"description\":\"Dedicated ti selfcare\",\"publisher\":{\"@id\":\"https:\/\/evivamed.ch\/#organization\"},\"potentialAction\":[{\"@type\":\"SearchAction\",\"target\":{\"@type\":\"EntryPoint\",\"urlTemplate\":\"https:\/\/evivamed.ch\/?s={search_term_string}\"},\"query-input\":{\"@type\":\"PropertyValueSpecification\",\"valueRequired\":true,\"valueName\":\"search_term_string\"}}],\"inLanguage\":\"fr-FR\"},{\"@type\":\"Organization\",\"@id\":\"https:\/\/evivamed.ch\/#organization\",\"name\":\"evivamed Schweiz GmbH\",\"url\":\"https:\/\/evivamed.ch\/\",\"logo\":{\"@type\":\"ImageObject\",\"inLanguage\":\"fr-FR\",\"@id\":\"https:\/\/evivamed.ch\/#\/schema\/logo\/image\/\",\"url\":\"https:\/\/evivamed.ch\/wp-content\/uploads\/2025\/07\/evivamed-logo.webp\",\"contentUrl\":\"https:\/\/evivamed.ch\/wp-content\/uploads\/2025\/07\/evivamed-logo.webp\",\"width\":800,\"height\":250,\"caption\":\"evivamed Schweiz GmbH\"},\"image\":{\"@id\":\"https:\/\/evivamed.ch\/#\/schema\/logo\/image\/\"}}]}<\/script>\n<!-- \/ Yoast SEO plugin. -->","yoast_head_json":{"title":"Informations l\u00e9gales - evivamed Schweiz GmbH","robots":{"index":"index","follow":"follow","max-snippet":"max-snippet:-1","max-image-preview":"max-image-preview:large","max-video-preview":"max-video-preview:-1"},"canonical":"https:\/\/evivamed.ch\/impressum\/","og_locale":"fr_FR","og_type":"article","og_title":"Informations l\u00e9gales - evivamed Schweiz GmbH","og_description":"Informations l\u00e9gales Instance responsable :EvivaMed Suisse S\u00e0rlSilvia GutSuurstoffi 296343 Rotkreuz Personnes habilit\u00e9es \u00e0 repr\u00e9senter l\u2019entreprise :Silvia GutDetlef Jantos Nom de l\u2019entreprise : EvivaMed Suisse S\u00e0rlNum\u00e9ro de TVA : CHE-434.205.789 Clause de non-responsabilit\u00e9L\u2019auteur ne garantit pas l\u2019exactitude, la pr\u00e9cision, l\u2019actualit\u00e9, la fiabilit\u00e9 et l\u2019exhaustivit\u00e9 des informations fournies.Les demandes de responsabilit\u00e9 envers l\u2019auteur pour des dommages mat\u00e9riels [&hellip;]","og_url":"https:\/\/evivamed.ch\/impressum\/","og_site_name":"evivamed Schweiz GmbH","article_modified_time":"2025-09-08T09:48:42+00:00","og_image":[{"width":1800,"height":771,"url":"https:\/\/evivamed.ch\/wp-content\/uploads\/2025\/08\/evivamed6.webp","type":"image\/webp"}],"twitter_card":"summary_large_image","twitter_misc":{"Dur\u00e9e de lecture estim\u00e9e":"1 minute"},"schema":{"@context":"https:\/\/schema.org","@graph":[{"@type":"WebPage","@id":"https:\/\/evivamed.ch\/impressum\/","url":"https:\/\/evivamed.ch\/impressum\/","name":"Informations l\u00e9gales - evivamed Schweiz GmbH","isPartOf":{"@id":"https:\/\/evivamed.ch\/#website"},"datePublished":"2025-08-06T06:30:14+00:00","dateModified":"2025-09-08T09:48:42+00:00","breadcrumb":{"@id":"https:\/\/evivamed.ch\/impressum\/#breadcrumb"},"inLanguage":"fr-FR","potentialAction":[{"@type":"ReadAction","target":["https:\/\/evivamed.ch\/impressum\/"]}]},{"@type":"BreadcrumbList","@id":"https:\/\/evivamed.ch\/impressum\/#breadcrumb","itemListElement":[{"@type":"ListItem","position":1,"name":"Startseite","item":"https:\/\/evivamed.ch\/"},{"@type":"ListItem","position":2,"name":"Informations l\u00e9gales"}]},{"@type":"WebSite","@id":"https:\/\/evivamed.ch\/#website","url":"https:\/\/evivamed.ch\/","name":"evivamed Schweiz GmbH","description":"Dedicated ti selfcare","publisher":{"@id":"https:\/\/evivamed.ch\/#organization"},"potentialAction":[{"@type":"SearchAction","target":{"@type":"EntryPoint","urlTemplate":"https:\/\/evivamed.ch\/?s={search_term_string}"},"query-input":{"@type":"PropertyValueSpecification","valueRequired":true,"valueName":"search_term_string"}}],"inLanguage":"fr-FR"},{"@type":"Organization","@id":"https:\/\/evivamed.ch\/#organization","name":"evivamed Schweiz GmbH","url":"https:\/\/evivamed.ch\/","logo":{"@type":"ImageObject","inLanguage":"fr-FR","@id":"https:\/\/evivamed.ch\/#\/schema\/logo\/image\/","url":"https:\/\/evivamed.ch\/wp-content\/uploads\/2025\/07\/evivamed-logo.webp","contentUrl":"https:\/\/evivamed.ch\/wp-content\/uploads\/2025\/07\/evivamed-logo.webp","width":800,"height":250,"caption":"evivamed Schweiz GmbH"},"image":{"@id":"https:\/\/evivamed.ch\/#\/schema\/logo\/image\/"}}]}},"_links":{"self":[{"href":"https:\/\/evivamed.ch\/fr\/wp-json\/wp\/v2\/pages\/567","targetHints":{"allow":["GET"]}}],"collection":[{"href":"https:\/\/evivamed.ch\/fr\/wp-json\/wp\/v2\/pages"}],"about":[{"href":"https:\/\/evivamed.ch\/fr\/wp-json\/wp\/v2\/types\/page"}],"author":[{"embeddable":true,"href":"https:\/\/evivamed.ch\/fr\/wp-json\/wp\/v2\/users\/1"}],"replies":[{"embeddable":true,"href":"https:\/\/evivamed.ch\/fr\/wp-json\/wp\/v2\/comments?post=567"}],"version-history":[{"count":8,"href":"https:\/\/evivamed.ch\/fr\/wp-json\/wp\/v2\/pages\/567\/revisions"}],"predecessor-version":[{"id":790,"href":"https:\/\/evivamed.ch\/fr\/wp-json\/wp\/v2\/pages\/567\/revisions\/790"}],"wp:attachment":[{"href":"https:\/\/evivamed.ch\/fr\/wp-json\/wp\/v2\/media?parent=567"}],"curies":[{"name":"wp","href":"https:\/\/api.w.org\/{rel}","templated":true}]}}