{"id":565,"date":"2025-08-06T06:30:22","date_gmt":"2025-08-06T06:30:22","guid":{"rendered":"https:\/\/evivamed.ch\/datenschutz\/"},"modified":"2025-09-08T09:47:02","modified_gmt":"2025-09-08T09:47:02","slug":"politique-de-confidentialite","status":"publish","type":"page","link":"https:\/\/evivamed.ch\/fr\/politique-de-confidentialite\/","title":{"rendered":"Politique de confidentialit\u00e9"},"content":{"rendered":"\t\t<div data-elementor-type=\"wp-page\" data-elementor-id=\"565\" class=\"elementor elementor-565 elementor-47\" data-elementor-post-type=\"page\">\n\t\t\t\t<div class=\"elementor-element elementor-element-cb7e34c e-con-full e-flex e-con e-parent\" data-id=\"cb7e34c\" data-element_type=\"container\" data-e-type=\"container\" data-settings=\"{&quot;background_background&quot;:&quot;classic&quot;}\">\n\t\t\t\t<div class=\"elementor-element elementor-element-e6ec4a2 elementor-widget elementor-widget-heading\" data-id=\"e6ec4a2\" data-element_type=\"widget\" data-e-type=\"widget\" data-widget_type=\"heading.default\">\n\t\t\t\t\t<h1 class=\"elementor-heading-title elementor-size-default\">Politique de confidentialit\u00e9<\/h1>\t\t\t\t<\/div>\n\t\t\t\t<\/div>\n\t\t<div class=\"elementor-element elementor-element-275b89e e-flex e-con-boxed e-con e-parent\" data-id=\"275b89e\" data-element_type=\"container\" data-e-type=\"container\">\n\t\t\t\t\t<div class=\"e-con-inner\">\n\t\t\t\t<div class=\"elementor-element elementor-element-3b9f1a5 elementor-widget__width-inherit elementor-widget elementor-widget-text-editor\" data-id=\"3b9f1a5\" data-element_type=\"widget\" data-e-type=\"widget\" data-widget_type=\"text-editor.default\">\n\t\t\t\t\t\t\t\t\t<p><strong>Derni\u00e8re mise \u00e0 jour : 24.06.2025<\/strong><br \/>Nous attachons une grande importance \u00e0 la transparence dans le traitement des donn\u00e9es personnelles. Cette d\u00e9claration de confidentialit\u00e9 informe sur les donn\u00e9es personnelles que nous collectons, dans quel but et \u00e0 qui nous les transmettons. Pour garantir une transparence maximale, cette d\u00e9claration de confidentialit\u00e9 est r\u00e9guli\u00e8rement r\u00e9vis\u00e9e et mise \u00e0 jour.<\/p><h2>1. Services que nous utilisons<\/h2><ul><li style=\"list-style-type: none;\"><ul><li>WordPress<\/li><\/ul><\/li><\/ul><h2>2. Informations de contact<\/h2><p>Pour toute question concernant la protection de vos donn\u00e9es personnelles, vous pouvez nous contacter \u00e0 tout moment par e-mail \u00e0 info@evivamed.ch. La personne responsable du traitement des donn\u00e9es effectu\u00e9es via ce site web est :<br \/>Suurstoffi 29<br \/>6343 Rotkreuz<br \/>Suisse<\/p><p><strong>Personne responsable de la protection des donn\u00e9es :<\/strong><br \/>Silvia Gut<br \/>info@evivamed.ch<br \/>075 402 35 35<\/p><h2>3. Principes g\u00e9n\u00e9raux<\/h2><h3><strong>3.1 Quelles donn\u00e9es collectons-nous et aupr\u00e8s de qui ?<\/strong><\/h3><p>Nous traitons principalement les donn\u00e9es personnelles que vous nous transmettez ou que nous collectons lors de l\u2019utilisation de notre site web. Parfois, nous pouvons \u00e9galement recevoir des donn\u00e9es personnelles vous concernant de tiers. Ces donn\u00e9es peuvent inclure :<\/p><ul><li>Donn\u00e9es d\u2019identification (nom, adresse, date de naissance, etc.)<\/li><li>Coordonn\u00e9es (num\u00e9ro de t\u00e9l\u00e9phone, adresse e-mail, etc.)<\/li><li>Donn\u00e9es financi\u00e8res (par ex. coordonn\u00e9es bancaires)<\/li><li>Identifiants en ligne (cookies, adresses IP, etc.)<\/li><li>Donn\u00e9es de localisation et de trafic<\/li><li>Enregistrements audio et vid\u00e9o<\/li><li>Donn\u00e9es particuli\u00e8rement sensibles (par ex. donn\u00e9es biom\u00e9triques ou informations relatives \u00e0 votre sant\u00e9)<\/li><\/ul><h3><strong>3.2 Sous quelles conditions traitons-nous vos donn\u00e9es ?<\/strong><\/h3><p>Nous traitons vos donn\u00e9es de mani\u00e8re confidentielle et conform\u00e9ment aux finalit\u00e9s indiqu\u00e9es dans cette d\u00e9claration. Nous veillons \u00e0 un traitement transparent et proportionn\u00e9.<br \/>Dans certains cas exceptionnels, le traitement peut \u00eatre l\u00e9gal m\u00eame si ces principes ne sont pas enti\u00e8rement respect\u00e9s, lorsqu\u2019il existe un motif l\u00e9gitime, notamment :<\/p><ul><li>Votre consentement<\/li><li>L\u2019ex\u00e9cution d\u2019un contrat ou de mesures pr\u00e9contractuelles<\/li><li>Nos int\u00e9r\u00eats l\u00e9gitimes, \u00e0 condition que vos int\u00e9r\u00eats ne pr\u00e9valent pas<\/li><\/ul><h3><strong>3.3 Comment pouvez-vous retirer votre consentement ?<\/strong><\/h3><p>Si vous nous avez donn\u00e9 votre consentement pour le traitement de vos donn\u00e9es personnelles \u00e0 certaines fins, nous traiterons vos donn\u00e9es dans le cadre de ce consentement, sauf s\u2019il existe un autre motif l\u00e9gitime.<br \/>Vous pouvez \u00e0 tout moment retirer votre consentement en envoyant un e-mail \u00e0 l\u2019adresse indiqu\u00e9e dans l\u2019impressum. Les traitements d\u00e9j\u00e0 effectu\u00e9s ne sont pas affect\u00e9s.<\/p><h3><strong>3.4 Dans quels cas pouvons-nous partager vos donn\u00e9es avec des tiers ?<\/strong><\/h3><ol><li>Principe<br \/>Nous pouvons \u00eatre amen\u00e9s \u00e0 faire appel \u00e0 des services tiers ou \u00e0 des entreprises affili\u00e9es et \u00e0 leur confier le traitement de vos donn\u00e9es (sous-traitants). Les destinataires peuvent inclure :<\/li><\/ol><ul><li>Comptabilit\u00e9, fiduciaire et audit<\/li><li>Cabinets de conseil (juridique, fiscal, etc.)<\/li><li>Prestataires informatiques (h\u00e9bergement web, support, services cloud, conception de sites web, etc.)<\/li><li>Prestataires de services de paiement<\/li><li>Fournisseurs de services de suivi, conversion et publicit\u00e9<\/li><\/ul><p>Nous nous assurons que ces tiers et entreprises affili\u00e9es respectent les r\u00e8gles de protection des donn\u00e9es et traitent vos informations personnelles de mani\u00e8re confidentielle.<br \/>Dans certains cas, nous sommes \u00e9galement l\u00e9galement tenus de communiquer vos donn\u00e9es personnelles aux autorit\u00e9s.<\/p><ol><li>Visite de nos r\u00e9seaux sociaux<br \/>Notre site peut contenir des liens vers nos r\u00e9seaux sociaux, identifiables par des ic\u00f4nes correspondantes. En cliquant sur ces ic\u00f4nes, vous \u00eates redirig\u00e9 vers nos pages sur les r\u00e9seaux sociaux.<br \/>Les fournisseurs de r\u00e9seaux sociaux peuvent alors savoir que vous acc\u00e9dez \u00e0 leurs plateformes depuis notre site et utiliser ces donn\u00e9es pour leurs propres fins. Nous n\u2019avons pas connaissance du contenu des donn\u00e9es transmises ni de leur utilisation par ces plateformes.<\/li><li>Transfert \u00e0 l\u2019\u00e9tranger<br \/>Dans le cadre du traitement par des sous-traitants, vos donn\u00e9es personnelles peuvent \u00eatre transf\u00e9r\u00e9es \u00e0 des entreprises situ\u00e9es \u00e0 l\u2019\u00e9tranger. Ces entreprises sont tenues de respecter la m\u00eame protection des donn\u00e9es que nous.<br \/>Si le niveau de protection n\u2019est pas \u00e9quivalent \u00e0 celui de la Suisse, nous effectuons une \u00e9valuation pr\u00e9alable des risques et nous nous assurons contractuellement que la protection soit \u00e9quivalente (par ex. via les nouvelles clauses contractuelles types de la Commission europ\u00e9enne ou d\u2019autres mesures l\u00e9gales). Si l\u2019\u00e9valuation est n\u00e9gative, nous mettons en \u0153uvre des mesures techniques suppl\u00e9mentaires pour prot\u00e9ger vos donn\u00e9es. Vous pouvez consulter les clauses contractuelles types de la Commission europ\u00e9enne \u00e0 l\u2019adresse suivante : https:\/\/commission.europa.eu\/publications\/standard-contractual-clauses-controllers-and-processors-eueea_fr<\/li><\/ol><h3><strong>3.5 Dur\u00e9e de conservation des donn\u00e9es<\/strong><\/h3><p>Nous conservons vos donn\u00e9es personnelles uniquement aussi longtemps que n\u00e9cessaire pour atteindre les finalit\u00e9s pour lesquelles elles ont \u00e9t\u00e9 collect\u00e9es.<br \/>Les donn\u00e9es collect\u00e9es lors de votre visite sur notre site sont conserv\u00e9es pendant 12 mois, sauf pour les donn\u00e9es d\u2019analyse et de suivi qui peuvent \u00eatre conserv\u00e9es plus longtemps.<br \/>Les donn\u00e9es contractuelles sont conserv\u00e9es plus longtemps, conform\u00e9ment aux obligations l\u00e9gales (jusqu\u2019\u00e0 10 ans pour la correspondance commerciale, les contrats et les justificatifs de paiement). Les donn\u00e9es non n\u00e9cessaires \u00e0 la prestation des services sont archiv\u00e9es et utilis\u00e9es uniquement \u00e0 des fins comptables et fiscales.<\/p><h3><strong>3.6 Comment prot\u00e9geons-nous vos donn\u00e9es ?<\/strong><\/h3><p>Nous conservons vos donn\u00e9es en toute s\u00e9curit\u00e9 et prenons toutes les mesures raisonnables pour les prot\u00e9ger contre la perte, l\u2019acc\u00e8s, l\u2019utilisation abusive ou la modification.<br \/>Nos partenaires et employ\u00e9s ayant acc\u00e8s \u00e0 vos donn\u00e9es sont tenus au respect de la l\u00e9gislation sur la protection des donn\u00e9es.<br \/>Nous utilisons la technologie SSL (Secure Socket Layer) avec le niveau de cryptage le plus \u00e9lev\u00e9 pris en charge par votre navigateur.<\/p><h3><strong>3.7 Vos droits<\/strong><\/h3><ol><li>Droit d\u2019acc\u00e8s<br \/>Vous pouvez demander \u00e0 tout moment des informations sur vos donn\u00e9es. Veuillez envoyer votre demande avec une preuve d\u2019identit\u00e9 \u00e0 info@evivamed.ch.<br \/>Vous avez \u00e9galement le droit de recevoir vos donn\u00e9es dans un format courant si elles sont trait\u00e9es automatiquement et si :<\/li><\/ol><ul><li>Vous avez donn\u00e9 votre consentement, ou<\/li><li>Vous avez fourni des donn\u00e9es dans le cadre d\u2019un contrat<\/li><\/ul><p>Nous pouvons restreindre ou refuser l\u2019acc\u00e8s si la loi ou des int\u00e9r\u00eats l\u00e9gitimes l\u2019exigent. La demande est trait\u00e9e dans un d\u00e9lai l\u00e9gal de 30 jours, pouvant \u00eatre prolong\u00e9 pour des raisons techniques ou juridiques.<\/p><ol><li>Droit de rectification et de suppression<br \/>Vous pouvez demander \u00e0 tout moment la correction ou la suppression de vos donn\u00e9es. Nous pouvons refuser si des obligations l\u00e9gales imposent leur conservation.<\/li><li>Recours<br \/>Vous avez le droit de faire valoir vos droits devant un tribunal ou aupr\u00e8s de l\u2019autorit\u00e9 de surveillance comp\u00e9tente : le Pr\u00e9pos\u00e9 f\u00e9d\u00e9ral \u00e0 la protection des donn\u00e9es et \u00e0 la transparence (<a href=\"https:\/\/www.edoeb.admin.ch?utm_source=chatgpt.com\">https:\/\/www.edoeb.admin.ch<\/a>).<\/li><\/ol><h3><strong>3.8 Modifications de la politique de confidentialit\u00e9<\/strong><\/h3><p>Nous pouvons modifier cette d\u00e9claration \u00e0 tout moment. Les mises \u00e0 jour sont publi\u00e9es sur <a href=\"https:\/\/evivamed.ch\/?utm_source=chatgpt.com\">https:\/\/evivamed.ch\/<\/a> sans notification individuelle.<\/p><h2>4. Traitements de donn\u00e9es sp\u00e9cifiques<\/h2><h3><strong>4.1 Mise \u00e0 disposition du site et cr\u00e9ation de fichiers journaux<\/strong><\/h3><p>Lors de la visite de notre site, certaines donn\u00e9es sont collect\u00e9es automatiquement pour l\u2019administration du syst\u00e8me, des statistiques, des sauvegardes ou le suivi, telles que :<\/p><ul><li>Fournisseur d\u2019acc\u00e8s \u00e0 Internet<\/li><li>Adresse IP<\/li><li>Version du navigateur<\/li><li>Syst\u00e8me d\u2019exploitation<\/li><li>Date et heure de l\u2019acc\u00e8s<\/li><li>Page d\u2019origine<\/li><li>Mots-cl\u00e9s utilis\u00e9s<\/li><\/ul><p>Ces donn\u00e9es ne peuvent \u00eatre associ\u00e9es \u00e0 une personne sp\u00e9cifique et ne sont pas combin\u00e9es avec d\u2019autres sources de donn\u00e9es. Elles sont n\u00e9cessaires au fonctionnement s\u00e9curis\u00e9 du site.<\/p><h3><strong>4.2 Google Ads<\/strong><\/h3><p>Nous utilisons Google Ads pour diffuser des annonces dans les r\u00e9sultats de recherche et sur le r\u00e9seau publicitaire de Google.<\/p><h3><strong>4.3 WordPress<\/strong><\/h3><p>Notre site est bas\u00e9 sur WordPress, un CMS d\u00e9velopp\u00e9 par Automattic Inc., permettant la gestion et publication de contenus. Certaines donn\u00e9es (IP, date et heure d\u2019acc\u00e8s, informations sur le navigateur) peuvent \u00eatre collect\u00e9es pour l\u2019administration et le bon fonctionnement du site.<br \/>Certaines fonctionnalit\u00e9s, comme les commentaires ou les formulaires de contact, peuvent collecter des donn\u00e9es suppl\u00e9mentaires si vous les utilisez.<\/p><h3><strong>BrainBox Generators<\/strong><\/h3><p>nBox Generators est un service de BrainBox Solutions GmbH pour identifier les services li\u00e9s \u00e0 la protection des donn\u00e9es sur un site web et aider \u00e0 la r\u00e9daction de la d\u00e9claration de confidentialit\u00e9. Aucune donn\u00e9e personnelle n\u2019est collect\u00e9e ou trait\u00e9e.<\/p>\t\t\t\t\t\t\t\t<\/div>\n\t\t\t\t\t<\/div>\n\t\t\t\t<\/div>\n\t\t\t\t<\/div>\n\t\t","protected":false},"excerpt":{"rendered":"<p>Politique de confidentialit\u00e9 Derni\u00e8re mise \u00e0 jour : 24.06.2025Nous attachons une grande importance \u00e0 la transparence dans le traitement des donn\u00e9es personnelles. Cette d\u00e9claration de confidentialit\u00e9 informe sur les donn\u00e9es personnelles que nous collectons, dans quel but et \u00e0 qui nous les transmettons. Pour garantir une transparence maximale, cette d\u00e9claration de confidentialit\u00e9 est r\u00e9guli\u00e8rement r\u00e9vis\u00e9e [&hellip;]<\/p>\n","protected":false},"author":1,"featured_media":0,"parent":0,"menu_order":0,"comment_status":"closed","ping_status":"closed","template":"","meta":{"footnotes":""},"class_list":["post-565","page","type-page","status-publish","hentry"],"yoast_head":"<!-- This site is optimized with the Yoast SEO plugin v27.2 - https:\/\/yoast.com\/product\/yoast-seo-wordpress\/ -->\n<title>Politique de confidentialit\u00e9 - evivamed Schweiz GmbH<\/title>\n<meta name=\"robots\" content=\"index, follow, max-snippet:-1, max-image-preview:large, max-video-preview:-1\" \/>\n<link rel=\"canonical\" href=\"https:\/\/evivamed.ch\/datenschutz\/\" \/>\n<meta property=\"og:locale\" content=\"fr_FR\" \/>\n<meta property=\"og:type\" content=\"article\" \/>\n<meta property=\"og:title\" content=\"Politique de confidentialit\u00e9 - evivamed Schweiz GmbH\" \/>\n<meta property=\"og:description\" content=\"Politique de confidentialit\u00e9 Derni\u00e8re mise \u00e0 jour : 24.06.2025Nous attachons une grande importance \u00e0 la transparence dans le traitement des donn\u00e9es personnelles. Cette d\u00e9claration de confidentialit\u00e9 informe sur les donn\u00e9es personnelles que nous collectons, dans quel but et \u00e0 qui nous les transmettons. Pour garantir une transparence maximale, cette d\u00e9claration de confidentialit\u00e9 est r\u00e9guli\u00e8rement r\u00e9vis\u00e9e [&hellip;]\" \/>\n<meta property=\"og:url\" content=\"https:\/\/evivamed.ch\/datenschutz\/\" \/>\n<meta property=\"og:site_name\" content=\"evivamed Schweiz GmbH\" \/>\n<meta property=\"article:modified_time\" content=\"2025-09-08T09:47:02+00:00\" \/>\n<meta property=\"og:image\" content=\"https:\/\/evivamed.ch\/wp-content\/uploads\/2025\/08\/evivamed6.webp\" \/>\n\t<meta property=\"og:image:width\" content=\"1800\" \/>\n\t<meta property=\"og:image:height\" content=\"771\" \/>\n\t<meta property=\"og:image:type\" content=\"image\/webp\" \/>\n<meta name=\"twitter:card\" content=\"summary_large_image\" \/>\n<meta name=\"twitter:label1\" content=\"Dur\u00e9e de lecture estim\u00e9e\" \/>\n\t<meta name=\"twitter:data1\" content=\"7 minutes\" \/>\n<script type=\"application\/ld+json\" class=\"yoast-schema-graph\">{\"@context\":\"https:\/\/schema.org\",\"@graph\":[{\"@type\":\"WebPage\",\"@id\":\"https:\/\/evivamed.ch\/datenschutz\/\",\"url\":\"https:\/\/evivamed.ch\/datenschutz\/\",\"name\":\"Politique de confidentialit\u00e9 - evivamed Schweiz GmbH\",\"isPartOf\":{\"@id\":\"https:\/\/evivamed.ch\/#website\"},\"datePublished\":\"2025-08-06T06:30:22+00:00\",\"dateModified\":\"2025-09-08T09:47:02+00:00\",\"breadcrumb\":{\"@id\":\"https:\/\/evivamed.ch\/datenschutz\/#breadcrumb\"},\"inLanguage\":\"fr-FR\",\"potentialAction\":[{\"@type\":\"ReadAction\",\"target\":[\"https:\/\/evivamed.ch\/datenschutz\/\"]}]},{\"@type\":\"BreadcrumbList\",\"@id\":\"https:\/\/evivamed.ch\/datenschutz\/#breadcrumb\",\"itemListElement\":[{\"@type\":\"ListItem\",\"position\":1,\"name\":\"Startseite\",\"item\":\"https:\/\/evivamed.ch\/\"},{\"@type\":\"ListItem\",\"position\":2,\"name\":\"Politique de confidentialit\u00e9\"}]},{\"@type\":\"WebSite\",\"@id\":\"https:\/\/evivamed.ch\/#website\",\"url\":\"https:\/\/evivamed.ch\/\",\"name\":\"evivamed Schweiz GmbH\",\"description\":\"Dedicated ti selfcare\",\"publisher\":{\"@id\":\"https:\/\/evivamed.ch\/#organization\"},\"potentialAction\":[{\"@type\":\"SearchAction\",\"target\":{\"@type\":\"EntryPoint\",\"urlTemplate\":\"https:\/\/evivamed.ch\/?s={search_term_string}\"},\"query-input\":{\"@type\":\"PropertyValueSpecification\",\"valueRequired\":true,\"valueName\":\"search_term_string\"}}],\"inLanguage\":\"fr-FR\"},{\"@type\":\"Organization\",\"@id\":\"https:\/\/evivamed.ch\/#organization\",\"name\":\"evivamed Schweiz GmbH\",\"url\":\"https:\/\/evivamed.ch\/\",\"logo\":{\"@type\":\"ImageObject\",\"inLanguage\":\"fr-FR\",\"@id\":\"https:\/\/evivamed.ch\/#\/schema\/logo\/image\/\",\"url\":\"https:\/\/evivamed.ch\/wp-content\/uploads\/2025\/07\/evivamed-logo.webp\",\"contentUrl\":\"https:\/\/evivamed.ch\/wp-content\/uploads\/2025\/07\/evivamed-logo.webp\",\"width\":800,\"height\":250,\"caption\":\"evivamed Schweiz GmbH\"},\"image\":{\"@id\":\"https:\/\/evivamed.ch\/#\/schema\/logo\/image\/\"}}]}<\/script>\n<!-- \/ Yoast SEO plugin. -->","yoast_head_json":{"title":"Politique de confidentialit\u00e9 - evivamed Schweiz GmbH","robots":{"index":"index","follow":"follow","max-snippet":"max-snippet:-1","max-image-preview":"max-image-preview:large","max-video-preview":"max-video-preview:-1"},"canonical":"https:\/\/evivamed.ch\/datenschutz\/","og_locale":"fr_FR","og_type":"article","og_title":"Politique de confidentialit\u00e9 - evivamed Schweiz GmbH","og_description":"Politique de confidentialit\u00e9 Derni\u00e8re mise \u00e0 jour : 24.06.2025Nous attachons une grande importance \u00e0 la transparence dans le traitement des donn\u00e9es personnelles. Cette d\u00e9claration de confidentialit\u00e9 informe sur les donn\u00e9es personnelles que nous collectons, dans quel but et \u00e0 qui nous les transmettons. Pour garantir une transparence maximale, cette d\u00e9claration de confidentialit\u00e9 est r\u00e9guli\u00e8rement r\u00e9vis\u00e9e [&hellip;]","og_url":"https:\/\/evivamed.ch\/datenschutz\/","og_site_name":"evivamed Schweiz GmbH","article_modified_time":"2025-09-08T09:47:02+00:00","og_image":[{"width":1800,"height":771,"url":"https:\/\/evivamed.ch\/wp-content\/uploads\/2025\/08\/evivamed6.webp","type":"image\/webp"}],"twitter_card":"summary_large_image","twitter_misc":{"Dur\u00e9e de lecture estim\u00e9e":"7 minutes"},"schema":{"@context":"https:\/\/schema.org","@graph":[{"@type":"WebPage","@id":"https:\/\/evivamed.ch\/datenschutz\/","url":"https:\/\/evivamed.ch\/datenschutz\/","name":"Politique de confidentialit\u00e9 - evivamed Schweiz GmbH","isPartOf":{"@id":"https:\/\/evivamed.ch\/#website"},"datePublished":"2025-08-06T06:30:22+00:00","dateModified":"2025-09-08T09:47:02+00:00","breadcrumb":{"@id":"https:\/\/evivamed.ch\/datenschutz\/#breadcrumb"},"inLanguage":"fr-FR","potentialAction":[{"@type":"ReadAction","target":["https:\/\/evivamed.ch\/datenschutz\/"]}]},{"@type":"BreadcrumbList","@id":"https:\/\/evivamed.ch\/datenschutz\/#breadcrumb","itemListElement":[{"@type":"ListItem","position":1,"name":"Startseite","item":"https:\/\/evivamed.ch\/"},{"@type":"ListItem","position":2,"name":"Politique de confidentialit\u00e9"}]},{"@type":"WebSite","@id":"https:\/\/evivamed.ch\/#website","url":"https:\/\/evivamed.ch\/","name":"evivamed Schweiz GmbH","description":"Dedicated ti selfcare","publisher":{"@id":"https:\/\/evivamed.ch\/#organization"},"potentialAction":[{"@type":"SearchAction","target":{"@type":"EntryPoint","urlTemplate":"https:\/\/evivamed.ch\/?s={search_term_string}"},"query-input":{"@type":"PropertyValueSpecification","valueRequired":true,"valueName":"search_term_string"}}],"inLanguage":"fr-FR"},{"@type":"Organization","@id":"https:\/\/evivamed.ch\/#organization","name":"evivamed Schweiz GmbH","url":"https:\/\/evivamed.ch\/","logo":{"@type":"ImageObject","inLanguage":"fr-FR","@id":"https:\/\/evivamed.ch\/#\/schema\/logo\/image\/","url":"https:\/\/evivamed.ch\/wp-content\/uploads\/2025\/07\/evivamed-logo.webp","contentUrl":"https:\/\/evivamed.ch\/wp-content\/uploads\/2025\/07\/evivamed-logo.webp","width":800,"height":250,"caption":"evivamed Schweiz GmbH"},"image":{"@id":"https:\/\/evivamed.ch\/#\/schema\/logo\/image\/"}}]}},"_links":{"self":[{"href":"https:\/\/evivamed.ch\/fr\/wp-json\/wp\/v2\/pages\/565","targetHints":{"allow":["GET"]}}],"collection":[{"href":"https:\/\/evivamed.ch\/fr\/wp-json\/wp\/v2\/pages"}],"about":[{"href":"https:\/\/evivamed.ch\/fr\/wp-json\/wp\/v2\/types\/page"}],"author":[{"embeddable":true,"href":"https:\/\/evivamed.ch\/fr\/wp-json\/wp\/v2\/users\/1"}],"replies":[{"embeddable":true,"href":"https:\/\/evivamed.ch\/fr\/wp-json\/wp\/v2\/comments?post=565"}],"version-history":[{"count":8,"href":"https:\/\/evivamed.ch\/fr\/wp-json\/wp\/v2\/pages\/565\/revisions"}],"predecessor-version":[{"id":781,"href":"https:\/\/evivamed.ch\/fr\/wp-json\/wp\/v2\/pages\/565\/revisions\/781"}],"wp:attachment":[{"href":"https:\/\/evivamed.ch\/fr\/wp-json\/wp\/v2\/media?parent=565"}],"curies":[{"name":"wp","href":"https:\/\/api.w.org\/{rel}","templated":true}]}}